{"id":2,"date":"2010-05-24T19:30:20","date_gmt":"2010-05-24T19:30:20","guid":{"rendered":"http:\/\/demonstro.no\/blog\/?page_id=2"},"modified":"2018-07-06T10:00:50","modified_gmt":"2018-07-06T08:00:50","slug":"about","status":"publish","type":"page","link":"https:\/\/demonstro.no\/blog\/?page_id=2","title":{"rendered":"Om denne bloggen"},"content":{"rendered":"<p>Dette er en privat fotoblogg, f\u00f8rst og fremst for familie og venner. Meningen med den er \u00e5 vise litt av den monumentale mengden bilder en sm\u00e5barnspappa tar. \u00c5 bruke noen av mine arbeider uten min tillatelse er helt forbudt.<\/p>\n","protected":false},"excerpt":{"rendered":"<p>Dette er en privat fotoblogg, f\u00f8rst og fremst for familie og venner. Meningen med den er \u00e5 vise litt av den monumentale mengden bilder en sm\u00e5barnspappa tar. \u00c5 bruke noen av mine arbeider uten min tillatelse er helt forbudt.<\/p>\n","protected":false},"author":1,"featured_media":0,"parent":0,"menu_order":0,"comment_status":"open","ping_status":"open","template":"","meta":{"ngg_post_thumbnail":0,"footnotes":""},"class_list":["post-2","page","type-page","status-publish","hentry"],"_links":{"self":[{"href":"https:\/\/demonstro.no\/blog\/index.php?rest_route=\/wp\/v2\/pages\/2","targetHints":{"allow":["GET"]}}],"collection":[{"href":"https:\/\/demonstro.no\/blog\/index.php?rest_route=\/wp\/v2\/pages"}],"about":[{"href":"https:\/\/demonstro.no\/blog\/index.php?rest_route=\/wp\/v2\/types\/page"}],"author":[{"embeddable":true,"href":"https:\/\/demonstro.no\/blog\/index.php?rest_route=\/wp\/v2\/users\/1"}],"replies":[{"embeddable":true,"href":"https:\/\/demonstro.no\/blog\/index.php?rest_route=%2Fwp%2Fv2%2Fcomments&post=2"}],"version-history":[{"count":4,"href":"https:\/\/demonstro.no\/blog\/index.php?rest_route=\/wp\/v2\/pages\/2\/revisions"}],"predecessor-version":[{"id":328,"href":"https:\/\/demonstro.no\/blog\/index.php?rest_route=\/wp\/v2\/pages\/2\/revisions\/328"}],"wp:attachment":[{"href":"https:\/\/demonstro.no\/blog\/index.php?rest_route=%2Fwp%2Fv2%2Fmedia&parent=2"}],"curies":[{"name":"wp","href":"https:\/\/api.w.org\/{rel}","templated":true}]}}